{"id":281,"date":"2021-07-17T11:52:23","date_gmt":"2021-07-17T14:52:23","guid":{"rendered":"http:\/\/aluj.com.br\/?post_type=product&#038;p=281"},"modified":"2022-02-14T14:01:02","modified_gmt":"2022-02-14T17:01:02","slug":"vitro-basculante-1-secao-060ax080l","status":"publish","type":"product","link":"https:\/\/aluj.com.br\/index.php\/produto\/vitro-basculante-1-secao-060ax080l\/","title":{"rendered":"Vitr\u00f4 Basculante 1 Se\u00e7\u00e3o 0,60Ax0,80L"},"content":{"rendered":"<h4><span style=\"color: #000000;\">\u25cfVidro mini boreal 4mm<\/span><br \/>\n<span style=\"color: #000000;\">\u25cfAlum\u00ednio branco<\/span><br \/>\n<span style=\"color: #000000;\">\u25cfLinha PRATA<\/span><br \/>\n<span style=\"color: #000000;\">\u25cfOp\u00e7\u00f5es de Medidas<\/span><br \/>\n<span style=\"color: #000000;\">Altura x Largura<\/span><br \/>\n<span style=\"color: #000000;\">\u00a0\u00a0\u00a0\u00a00,60 x 0,40<\/span><br \/>\n<span style=\"color: #000000;\">\u00a0\u00a0\u00a0\u00a00,60 x 0,60<\/span><br \/>\n<span style=\"color: #000000;\">\u00a0\u00a0\u00a0\u00a00,60 x 0,80<\/span><\/h4>\n","protected":false},"excerpt":{"rendered":"<p><a href=\"https:\/\/api.whatsapp.com\/send?phone=554136261239\"><button><span style=\"color: #3d3d3d;\">Solicitar Or\u00e7amento<\/span><\/button><\/a><\/p>\n","protected":false},"featured_media":222,"template":"","meta":{"site-sidebar-layout":"default","site-content-layout":"default","ast-global-header-display":"","ast-main-header-display":"","ast-hfb-above-header-display":"","ast-hfb-below-header-display":"","ast-hfb-mobile-header-display":"","site-post-title":"","ast-breadcrumbs-content":"","ast-featured-img":"","footer-sml-layout":"","theme-transparent-header-meta":"default","adv-header-id-meta":"","stick-header-meta":"","header-above-stick-meta":"","header-main-stick-meta":"","header-below-stick-meta":"","_joinchat":[]},"product_cat":[33],"product_tag":[80,78,81],"class_list":["post-281","product","type-product","status-publish","has-post-thumbnail","hentry","product_cat-vitro-basculante","product_tag-060x040","product_tag-060x060","product_tag-060x080"],"_links":{"self":[{"href":"https:\/\/aluj.com.br\/index.php\/wp-json\/wp\/v2\/product\/281","targetHints":{"allow":["GET"]}}],"collection":[{"href":"https:\/\/aluj.com.br\/index.php\/wp-json\/wp\/v2\/product"}],"about":[{"href":"https:\/\/aluj.com.br\/index.php\/wp-json\/wp\/v2\/types\/product"}],"wp:featuredmedia":[{"embeddable":true,"href":"https:\/\/aluj.com.br\/index.php\/wp-json\/wp\/v2\/media\/222"}],"wp:attachment":[{"href":"https:\/\/aluj.com.br\/index.php\/wp-json\/wp\/v2\/media?parent=281"}],"wp:term":[{"taxonomy":"product_cat","embeddable":true,"href":"https:\/\/aluj.com.br\/index.php\/wp-json\/wp\/v2\/product_cat?post=281"},{"taxonomy":"product_tag","embeddable":true,"href":"https:\/\/aluj.com.br\/index.php\/wp-json\/wp\/v2\/product_tag?post=281"}],"curies":[{"name":"wp","href":"https:\/\/api.w.org\/{rel}","templated":true}]}}