{"id":277,"date":"2021-07-17T11:01:41","date_gmt":"2021-07-17T14:01:41","guid":{"rendered":"http:\/\/aluj.com.br\/?post_type=product&#038;p=277"},"modified":"2022-06-24T10:12:35","modified_gmt":"2022-06-24T13:12:35","slug":"maxim-ar-1-secao-050ax050l","status":"publish","type":"product","link":"https:\/\/aluj.com.br\/index.php\/produto\/maxim-ar-1-secao-050ax050l\/","title":{"rendered":"Maxim-Ar 1 Se\u00e7\u00e3o"},"content":{"rendered":"<h4><span style=\"color: #000000;\">\u25cfVidro mini-boreal 4mm<\/span><br \/>\n<span style=\"color: #000000;\">\u25cfAlum\u00ednio branco<\/span><br \/>\n<span style=\"color: #000000;\">\u25cfLinha OURO<\/span><br \/>\n<span style=\"color: #000000;\">\u25cfOp\u00e7\u00f5es de Medidas<\/span><br \/>\n<span style=\"color: #000000;\">Altura x Largura<\/span><br \/>\n<span style=\"color: #000000;\">\u00a0\u00a0\u00a0\u00a00,40 x 0,40<\/span><br \/>\n<span style=\"color: #000000;\">\u00a0\u00a0\u00a0\u00a00,50 x 0,50<\/span><br \/>\n<span style=\"color: #000000;\">\u00a0\u00a0\u00a0\u00a00,60 x 0,60<\/span><br \/>\n<span style=\"color: #000000;\">\u00a0\u00a0\u00a0\u00a00,80 x 0,80<\/span><\/h4>\n","protected":false},"excerpt":{"rendered":"<p><a href=\"https:\/\/api.whatsapp.com\/send?phone=554136261239\"><button><span style=\"color: #3d3d3d;\">Solicitar Or\u00e7amento<\/span><\/button><\/a><\/p>\n","protected":false},"featured_media":218,"template":"","meta":{"site-sidebar-layout":"default","site-content-layout":"default","ast-global-header-display":"","ast-main-header-display":"","ast-hfb-above-header-display":"","ast-hfb-below-header-display":"","ast-hfb-mobile-header-display":"","site-post-title":"","ast-breadcrumbs-content":"","ast-featured-img":"","footer-sml-layout":"","theme-transparent-header-meta":"default","adv-header-id-meta":"","stick-header-meta":"","header-above-stick-meta":"","header-main-stick-meta":"","header-below-stick-meta":"","_joinchat":{"message_send":"Oi, poderia me ajudar em rela\u00e7\u00e3o ao Maxim-Ar 1 Se\u00e7\u00e3o (https:\/\/aluj.com.br\/index.php\/produto\/maxim-ar-1-secao-050ax050l\/)"}},"product_cat":[31],"product_tag":[76,77,78,79],"class_list":["post-277","product","type-product","status-publish","has-post-thumbnail","hentry","product_cat-maxim-ar","product_tag-040x040","product_tag-050x050","product_tag-060x060","product_tag-080x080"],"_links":{"self":[{"href":"https:\/\/aluj.com.br\/index.php\/wp-json\/wp\/v2\/product\/277","targetHints":{"allow":["GET"]}}],"collection":[{"href":"https:\/\/aluj.com.br\/index.php\/wp-json\/wp\/v2\/product"}],"about":[{"href":"https:\/\/aluj.com.br\/index.php\/wp-json\/wp\/v2\/types\/product"}],"wp:featuredmedia":[{"embeddable":true,"href":"https:\/\/aluj.com.br\/index.php\/wp-json\/wp\/v2\/media\/218"}],"wp:attachment":[{"href":"https:\/\/aluj.com.br\/index.php\/wp-json\/wp\/v2\/media?parent=277"}],"wp:term":[{"taxonomy":"product_cat","embeddable":true,"href":"https:\/\/aluj.com.br\/index.php\/wp-json\/wp\/v2\/product_cat?post=277"},{"taxonomy":"product_tag","embeddable":true,"href":"https:\/\/aluj.com.br\/index.php\/wp-json\/wp\/v2\/product_tag?post=277"}],"curies":[{"name":"wp","href":"https:\/\/api.w.org\/{rel}","templated":true}]}}