{"id":188,"date":"2020-08-20T07:29:55","date_gmt":"2020-08-20T10:29:55","guid":{"rendered":"http:\/\/aluj.com.br\/index.php\/home\/"},"modified":"2023-05-17T19:01:50","modified_gmt":"2023-05-17T22:01:50","slug":"inicio","status":"publish","type":"page","link":"https:\/\/aluj.com.br\/","title":{"rendered":"In\u00edcio"},"content":{"rendered":"\n<div class=\"wp-block-cover alignfull is-light\" style=\"min-height:500px;aspect-ratio:unset;\"><span aria-hidden=\"true\" class=\"wp-block-cover__background has-black-background-color has-background-dim-30 has-background-dim\"><\/span><img loading=\"lazy\" decoding=\"async\" width=\"500\" height=\"500\" class=\"wp-block-cover__image-background wp-image-472\" alt=\"\" src=\"https:\/\/aluj.com.br\/wp-content\/uploads\/2021\/07\/foto-4.jpg\" style=\"object-position:56% 40%\" data-object-fit=\"cover\" data-object-position=\"56% 40%\" srcset=\"https:\/\/aluj.com.br\/wp-content\/uploads\/2021\/07\/foto-4.jpg 500w, https:\/\/aluj.com.br\/wp-content\/uploads\/2021\/07\/foto-4-300x300.jpg 300w, https:\/\/aluj.com.br\/wp-content\/uploads\/2021\/07\/foto-4-150x150.jpg 150w, https:\/\/aluj.com.br\/wp-content\/uploads\/2021\/07\/foto-4-100x100.jpg 100w\" sizes=\"auto, (max-width: 500px) 100vw, 500px\" \/><div class=\"wp-block-cover__inner-container is-layout-flow wp-block-cover-is-layout-flow\">\n<h1 class=\"wp-block-heading has-text-align-left has-white-color has-text-color\" id=\"aluj-portas-e-janelas-de-aluminio\"> AluJ Portas e Janelas de Alum\u00ednio <\/h1>\n\n\n\n<div style=\"height:15px\" aria-hidden=\"true\" class=\"wp-block-spacer\"><\/div>\n\n\n\n<h2 class=\"wp-block-heading has-text-align-left has-white-color has-text-color\" id=\"janelas-e-portas-para-todas-as-medidas\">Janelas e Portas  para Todas as Medidas <\/h2>\n\n\n\n<div style=\"height:25px\" aria-hidden=\"true\" class=\"wp-block-spacer\"><\/div>\n\n\n\n<div class=\"wp-block-buttons is-horizontal is-content-justification-left is-layout-flex wp-container-core-buttons-is-layout-20be11b6 wp-block-buttons-is-layout-flex\">\n<div class=\"wp-block-button\"><a class=\"wp-block-button__link no-border-radius wp-element-button\" href=\"https:\/\/api.whatsapp.com\/send?phone=554136261239&amp;text=Ol%C3%A1,%20vim%20pelo%20Google%20e%20gostaria%20de%20solicitar%20um%20or%C3%A7amento!\" target=\"_blank\" rel=\"noreferrer noopener\">Fa\u00e7a o Or\u00e7amento<\/a><\/div>\n<\/div>\n<\/div><\/div>\n\n\n\n<div class=\"wp-block-group alignfull has-background is-layout-flow wp-block-group-is-layout-flow\" style=\"background-color:#f9f9f9\"><div class=\"wp-block-group__inner-container\">\n<h2 class=\"wp-block-heading has-text-align-center has-black-color has-text-color\" id=\"produtos\">Produtos<\/h2>\n\n\n\n<p class=\"has-text-align-center\" style=\"font-size:26px\">Clique no produto para obter mais informa\u00e7\u00f5es<\/p>\n\n\n<div class=\"woocommerce columns-3 \"><ul class=\"products columns-3\">\n<li class=\"product type-product post-280 status-publish first instock product_cat-janela-de-correr product_tag-100x100 product_tag-100x120 product_tag-100x150 product_tag-2-folhas has-post-thumbnail shipping-taxable product-type-simple\">\n\t<\/li>\n<li class=\"product type-product post-282 status-publish instock product_cat-janela-de-correr product_tag-100x100 product_tag-100x120 product_tag-100x150 product_tag-2-folhas has-post-thumbnail shipping-taxable product-type-simple\">\n\t<\/li>\n<li class=\"product type-product post-266 status-publish last instock product_cat-janela-de-correr product_tag-100x100 product_tag-100x120 product_tag-100x150 product_tag-100x200 product_tag-120x120 product_tag-120x150 product_tag-120x200 product_tag-4-folhas has-post-thumbnail shipping-taxable product-type-simple\">\n\t<\/li>\n<li class=\"product type-product post-268 status-publish first instock product_cat-janela-de-correr product_tag-100x100 product_tag-100x120 product_tag-100x150 product_tag-100x200 product_tag-120x120 product_tag-120x150 product_tag-120x200 product_tag-4-folhas has-post-thumbnail shipping-taxable product-type-simple\">\n\t<\/li>\n<li class=\"product type-product post-279 status-publish instock product_cat-janela-de-correr product_tag-100x100 product_tag-100x120 product_tag-100x150 product_tag-100x200 product_tag-120x120 product_tag-120x150 product_tag-120x200 product_tag-4-folhas has-post-thumbnail shipping-taxable product-type-simple\">\n\t<\/li>\n<li class=\"product type-product post-274 status-publish last instock product_cat-maxim-ar product_tag-040x060 product_tag-050x060 product_tag-060x060 product_tag-080x080 has-post-thumbnail shipping-taxable product-type-simple\">\n\t<\/li>\n<li class=\"product type-product post-277 status-publish first instock product_cat-maxim-ar product_tag-040x040 product_tag-050x050 product_tag-060x060 product_tag-080x080 has-post-thumbnail shipping-taxable product-type-simple\">\n\t<\/li>\n<li class=\"product type-product post-263 status-publish instock product_cat-porta-de-correr product_tag-210x120 product_tag-210x150 product_tag-2-folhas has-post-thumbnail shipping-taxable product-type-simple\">\n\t<\/li>\n<li class=\"product type-product post-265 status-publish last instock product_cat-porta-de-correr product_tag-210x120 product_tag-210x150 product_tag-3-folhas has-post-thumbnail shipping-taxable product-type-simple\">\n\t<\/li>\n<li class=\"product type-product post-208 status-publish first instock product_cat-porta-de-correr product_tag-210x160 product_tag-210x180 product_tag-210x200 product_tag-4-folhas has-post-thumbnail shipping-taxable product-type-simple\">\n\t<\/li>\n<li class=\"product type-product post-271 status-publish instock product_cat-porta-de-correr product_tag-210x160 product_tag-210x180 product_tag-210x200 product_tag-6-folhas has-post-thumbnail shipping-taxable product-type-simple\">\n\t<\/li>\n<li class=\"product type-product post-278 status-publish last instock product_cat-veneziana-de-correr product_tag-100x100 product_tag-100x120 product_tag-100x150 product_tag-3-folhas has-post-thumbnail shipping-taxable product-type-simple\">\n\t<\/li>\n<li class=\"product type-product post-275 status-publish first instock product_cat-veneziana-de-correr product_tag-100x100 product_tag-100x120 product_tag-100x150 product_tag-3-folhas has-post-thumbnail shipping-taxable product-type-simple\">\n\t<\/li>\n<li class=\"product type-product post-276 status-publish instock product_cat-veneziana-de-correr product_tag-100x100 product_tag-100x120 product_tag-100x150 product_tag-100x200 product_tag-120x120 product_tag-120x150 product_tag-120x200 product_tag-6-folhas has-post-thumbnail shipping-taxable product-type-simple\">\n\t<\/li>\n<li class=\"product type-product post-284 status-publish last instock product_cat-vitro-basculante product_tag-040x040 product_tag-040x060 product_tag-040x080 has-post-thumbnail shipping-taxable product-type-simple\">\n\t<\/li>\n<li class=\"product type-product post-281 status-publish first instock product_cat-vitro-basculante product_tag-060x040 product_tag-060x060 product_tag-060x080 has-post-thumbnail shipping-taxable product-type-simple\">\n\t<\/li>\n<\/ul>\n<\/div>\n<\/div><\/div>\n\n\n\n<section class=\"wp-block-uagb-section uagb-section__wrap uagb-section__background-image uagb-block-99725c9a\"><div class=\"uagb-section__overlay\"><\/div><div class=\"uagb-section__inner-wrap\">\n<div class=\"wp-block-uagb-info-box uagb-infobox__outer-wrap uagb-block-a705374f\"><div class=\"uagb-infobox__content-wrap uagb-infobox uagb-infobox-has-icon uagb-infobox-icon-above-title uagb-infobox-image-valign-top uagb-infobox-enable-border-radius \"><div class=\"uagb-ifb-left-right-wrap\"><div class=\"uagb-ifb-content\"><div class=\"uagb-ifb-image-icon-content uagb-ifb-imgicon-wrap\"><div class=\"uagb-ifb-icon-wrap\"><span class=\"uagb-ifb-icon\"><svg xmlns=\"http:\/\/www.w3.org\/2000\/svg\" viewBox=\"0 0 512 512\"><path d=\"M493.4 24.6l-104-24c-11.3-2.6-22.9 3.3-27.5 13.9l-48 112c-4.2 9.8-1.4 21.3 6.9 28l60.6 49.6c-36 76.7-98.9 140.5-177.2 177.2l-49.6-60.6c-6.8-8.3-18.2-11.1-28-6.9l-112 48C3.9 366.5-2 378.1.6 389.4l24 104C27.1 504.2 36.7 512 48 512c256.1 0 464-207.5 464-464 0-11.2-7.7-20.9-18.6-23.4z\"><\/path><\/svg><\/span><\/div><\/div><div class=\"uagb-ifb-title-wrap\"><h4 class=\"uagb-ifb-title\">Fa\u00e7a j\u00e1 seu or\u00e7amento<\/h4><\/div><div class=\"uagb-ifb-text-wrap\"><\/div><\/div><\/div><\/div><\/div>\n\n\n\n<div class=\"wp-block-buttons is-horizontal is-content-justification-center is-layout-flex wp-container-core-buttons-is-layout-03627597 wp-block-buttons-is-layout-flex\">\n<div class=\"wp-block-button\"><a class=\"wp-block-button__link has-background wp-element-button\" href=\"https:\/\/api.whatsapp.com\/send?phone=554136261239\" style=\"background:linear-gradient(135deg,rgb(6,147,227) 0%,rgb(155,81,224) 77%)\">Entre em Contato<\/a><\/div>\n<\/div>\n<\/div><\/section>\n\n\n\n<p><\/p>\n","protected":false},"excerpt":{"rendered":"<p>Produtos Clique no produto para obter mais informa\u00e7\u00f5es<\/p>\n","protected":false},"author":1,"featured_media":0,"parent":0,"menu_order":0,"comment_status":"closed","ping_status":"closed","template":"","meta":{"site-sidebar-layout":"no-sidebar","site-content-layout":"page-builder","ast-global-header-display":"","ast-main-header-display":"","ast-hfb-above-header-display":"","ast-hfb-below-header-display":"","ast-hfb-mobile-header-display":"","site-post-title":"disabled","ast-breadcrumbs-content":"","ast-featured-img":"","footer-sml-layout":"","theme-transparent-header-meta":"enabled","adv-header-id-meta":"","stick-header-meta":"","header-above-stick-meta":"","header-main-stick-meta":"","header-below-stick-meta":"","_joinchat":[],"footnotes":""},"class_list":["post-188","page","type-page","status-publish","hentry"],"uagb_featured_image_src":{"full":false,"thumbnail":false,"medium":false,"medium_large":false,"large":false,"1536x1536":false,"2048x2048":false,"woocommerce_thumbnail":false,"woocommerce_single":false,"woocommerce_gallery_thumbnail":false,"shop_catalog":false,"shop_single":false,"shop_thumbnail":false},"uagb_author_info":{"display_name":"AluJ-Aluminio","author_link":"https:\/\/aluj.com.br\/index.php\/author\/aluj-aluminio\/"},"uagb_comment_info":0,"uagb_excerpt":"Produtos Clique no produto para obter mais informa\u00e7\u00f5es","_links":{"self":[{"href":"https:\/\/aluj.com.br\/index.php\/wp-json\/wp\/v2\/pages\/188","targetHints":{"allow":["GET"]}}],"collection":[{"href":"https:\/\/aluj.com.br\/index.php\/wp-json\/wp\/v2\/pages"}],"about":[{"href":"https:\/\/aluj.com.br\/index.php\/wp-json\/wp\/v2\/types\/page"}],"author":[{"embeddable":true,"href":"https:\/\/aluj.com.br\/index.php\/wp-json\/wp\/v2\/users\/1"}],"replies":[{"embeddable":true,"href":"https:\/\/aluj.com.br\/index.php\/wp-json\/wp\/v2\/comments?post=188"}],"version-history":[{"count":2,"href":"https:\/\/aluj.com.br\/index.php\/wp-json\/wp\/v2\/pages\/188\/revisions"}],"predecessor-version":[{"id":705,"href":"https:\/\/aluj.com.br\/index.php\/wp-json\/wp\/v2\/pages\/188\/revisions\/705"}],"wp:attachment":[{"href":"https:\/\/aluj.com.br\/index.php\/wp-json\/wp\/v2\/media?parent=188"}],"curies":[{"name":"wp","href":"https:\/\/api.w.org\/{rel}","templated":true}]}}